{"id":304,"date":"2021-06-17T09:44:30","date_gmt":"2021-06-17T09:44:30","guid":{"rendered":"https:\/\/www.mil-fotball.no\/sportsplan\/?page_id=304"},"modified":"2021-06-17T13:19:06","modified_gmt":"2021-06-17T13:19:06","slug":"innholdsfortegnelse","status":"publish","type":"page","link":"https:\/\/www.mil-fotball.no\/sportsplan\/innholdsfortegnelse\/","title":{"rendered":"Innholdsfortegnelse"},"content":{"rendered":"\t\t<div data-elementor-type=\"wp-page\" data-elementor-id=\"304\" class=\"elementor elementor-304\">\n\t\t\t\t\t\t<section class=\"penci-section penci-disSticky penci-structure-20 elementor-section elementor-top-section elementor-element elementor-element-b911fe2 elementor-section-boxed elementor-section-height-default elementor-section-height-default\" data-id=\"b911fe2\" data-element_type=\"section\" data-e-type=\"section\">\n\t\t\t\t\t\t<div class=\"elementor-container elementor-column-gap-default\">\n\t\t\t\t\t<div class=\"penci-ercol-50 penci-ercol-order-1 penci-sticky-ct  elementor-column elementor-col-50 elementor-top-column elementor-element elementor-element-71ca601\" data-id=\"71ca601\" data-element_type=\"column\" data-e-type=\"column\">\n\t\t\t<div class=\"elementor-widget-wrap elementor-element-populated\">\n\t\t\t\t\t\t<div class=\"elementor-element elementor-element-826dfc9 elementor-widget elementor-widget-text-editor\" data-id=\"826dfc9\" data-element_type=\"widget\" data-e-type=\"widget\" data-widget_type=\"text-editor.default\">\n\t\t\t\t<div class=\"elementor-widget-container\">\n\t\t\t\t\t\t\t\t\t<p><a href=\"https:\/\/www.mil-fotball.no\/sportsplan\/innledning\"><strong>1. INNLEDNING<\/strong><\/a><\/p><p style=\"padding-left: 40px;\"><a href=\"https:\/\/www.mil-fotball.no\/sportsplan\/innledning#1-1\">1.1 HVORFOR EN SPORTSPLAN?<\/a><\/p><p><a href=\"https:\/\/www.mil-fotball.no\/sportsplan\/overordnet-for-klubben\"><strong>2.0 OVERORDNET FOR KLUBBEN<\/strong><\/a><\/p><p style=\"padding-left: 40px;\"><a href=\"https:\/\/www.mil-fotball.no\/sportsplan\/overordnet-for-klubben#2-1\">2.1 KLUBBENS VISJON OG M\u00c5LSETTING<\/a><br \/><a href=\"https:\/\/www.mil-fotball.no\/sportsplan\/overordnet-for-klubben#2-2\">2.2 KLUBBENS VERDIGRUNNLAG<\/a><br \/><a href=\"https:\/\/www.mil-fotball.no\/sportsplan\/overordnet-for-klubben#2-3\">2.3 FAIR PLAY<\/a><br \/><a href=\"https:\/\/www.mil-fotball.no\/sportsplan\/overordnet-for-klubben#2-4\">2.4 ROLLER P\u00c5 LAGENE<\/a><br \/><a href=\"https:\/\/www.mil-fotball.no\/sportsplan\/overordnet-for-klubben#2-5\">2.5 FORELDREM\u00d8TER<\/a><br \/><a href=\"https:\/\/www.mil-fotball.no\/sportsplan\/overordnet-for-klubben#2-6\">2.6 HVA SKAL KJENNETEGNE EN BL\u00c5 SPILLER<\/a><br \/><a href=\"https:\/\/www.mil-fotball.no\/sportsplan\/overordnet-for-klubben#2-7\">2.7 HVA SKAL KJENNETEGNE DEN BL\u00c5 TRENEREN<\/a><br \/><a href=\"https:\/\/www.mil-fotball.no\/sportsplan\/overordnet-for-klubben#2-8\">2.8 HVA SKAL KJENNETEGNE DEN BL\u00c5 FORELDER<\/a><br \/><a href=\"https:\/\/www.mil-fotball.no\/sportsplan\/overordnet-for-klubben#2-9\">2.9 DEN BL\u00c5 PASNING<\/a><br \/><a href=\"https:\/\/www.mil-fotball.no\/sportsplan\/overordnet-for-klubben#2-10\">2.10 ANSVARLIG FOR SPORTSPLANEN<\/a><br \/><a href=\"https:\/\/www.mil-fotball.no\/sportsplan\/overordnet-for-klubben#2-11\">2.11 RUTINER VED AVVIK FRA SPORTSPLANEN<\/a><\/p><p><a href=\"https:\/\/www.mil-fotball.no\/sportsplan\/retningslinjer-for-var-fotballaktivitet\"><strong>3.0 RETNINGSLINJER FOR V\u00c5R FOTBALLAKTIVITET<\/strong><\/a><\/p><p style=\"padding-left: 40px;\"><a href=\"https:\/\/www.mil-fotball.no\/sportsplan\/retningslinjer-for-var-fotballaktivitet#3-1\">3.1 DEN GODE \u00d8KTA<\/a><br \/><a href=\"https:\/\/www.mil-fotball.no\/sportsplan\/retningslinjer-for-var-fotballaktivitet#3-2\">3.2 AKTIVITETSPRINSIPPET<\/a><br \/><a href=\"https:\/\/www.mil-fotball.no\/sportsplan\/retningslinjer-for-var-fotballaktivitet#3-3\">3.3 SPESIFISITETSPRINSIPPET<\/a><br \/><a href=\"https:\/\/www.mil-fotball.no\/sportsplan\/retningslinjer-for-var-fotballaktivitet#3-4\">3.4 JEVNBYRDIGHET<\/a><br \/><a href=\"https:\/\/www.mil-fotball.no\/sportsplan\/retningslinjer-for-var-fotballaktivitet#3-5\">3.5 SELEKSJON OG TOPPING AV LAG<\/a><br \/><a href=\"https:\/\/www.mil-fotball.no\/sportsplan\/retningslinjer-for-var-fotballaktivitet#3-6\">3.6 TILPASSET UTFORDRING (DIFFERENSIERING)<\/a><br \/><a href=\"https:\/\/www.mil-fotball.no\/sportsplan\/retningslinjer-for-var-fotballaktivitet#3-7\">3.7 HOSPITERING<\/a><\/p>\t\t\t\t\t\t\t\t<\/div>\n\t\t\t\t<\/div>\n\t\t\t\t\t<\/div>\n\t\t<\/div>\n\t\t\t\t<div class=\"penci-ercol-50 penci-ercol-order-2 penci-sticky-ct  elementor-column elementor-col-50 elementor-top-column elementor-element elementor-element-e3363b1\" data-id=\"e3363b1\" data-element_type=\"column\" data-e-type=\"column\">\n\t\t\t<div class=\"elementor-widget-wrap elementor-element-populated\">\n\t\t\t\t\t\t<div class=\"elementor-element elementor-element-8cfae37 elementor-widget elementor-widget-text-editor\" data-id=\"8cfae37\" data-element_type=\"widget\" data-e-type=\"widget\" data-widget_type=\"text-editor.default\">\n\t\t\t\t<div class=\"elementor-widget-container\">\n\t\t\t\t\t\t\t\t\t<p><a href=\"https:\/\/www.mil-fotball.no\/sportsplan\/barnefotballen-6-12-ar\"><strong>4.0 BARNEFOTBALLEN 6-12 \u00c5R<\/strong><\/a><\/p><p style=\"padding-left: 40px;\"><a href=\"https:\/\/www.mil-fotball.no\/sportsplan\/arsklasse-6-7-ar\">4.1 \u00c5RSKLASSE 6-7 \u00c5R<\/a><br \/><a href=\"https:\/\/www.mil-fotball.no\/sportsplan\/arsklasse-8-9-ar\">4.2 \u00c5RSKLASSE 8-9 \u00c5R<\/a><br \/><a href=\"https:\/\/www.mil-fotball.no\/sportsplan\/arsklasse-10-11-ar\">4.3 \u00c5RSKLASSE 10-11 \u00c5R<\/a><br \/><a href=\"https:\/\/www.mil-fotball.no\/sportsplan\/arsklasse-12-ar\">4.4 \u00c5RSKLASSE 12 \u00c5R<\/a><\/p><p><a href=\"https:\/\/www.mil-fotball.no\/sportsplan\/ungdomsfotball-13-19-ar\"><strong>5.0 UNGDOMSFOTBALL 13-19 \u00c5R<\/strong><\/a><\/p><p style=\"padding-left: 40px;\"><a href=\"https:\/\/www.mil-fotball.no\/sportsplan\/arsklasse-13-ar\">5.1 \u00c5RSKLASSE 13 \u00c5R<\/a><br \/><a href=\"https:\/\/www.mil-fotball.no\/sportsplan\/arsklasse-14-16-ar\">5.2 \u00c5RSKLASSE 14-16 \u00c5R<\/a><br \/><a href=\"https:\/\/www.mil-fotball.no\/sportsplan\/juniorfotball-17-19-ar\">5.3 JUNIORFOTBALL 17-19 \u00c5R<\/a><\/p><p><a href=\"https:\/\/www.mil-fotball.no\/sportsplan\/dommerutvikling\"><strong>6.0 DOMMERUTVIKLING<\/strong><\/a><\/p>\t\t\t\t\t\t\t\t<\/div>\n\t\t\t\t<\/div>\n\t\t\t\t\t<\/div>\n\t\t<\/div>\n\t\t\t\t\t<\/div>\n\t\t<\/section>\n\t\t\t\t<\/div>\n\t\t","protected":false},"excerpt":{"rendered":"<p>1. INNLEDNING 1.1 HVORFOR EN SPORTSPLAN? 2.0 OVERORDNET FOR KLUBBEN 2.1 KLUBBENS VISJON OG M\u00c5LSETTING2.2 KLUBBENS VERDIGRUNNLAG2.3 FAIR PLAY2.4 ROLLER P\u00c5 LAGENE2.5 FORELDREM\u00d8TER2.6 HVA SKAL KJENNETEGNE EN BL\u00c5 SPILLER2.7 HVA&hellip;<\/p>\n","protected":false},"author":1,"featured_media":0,"parent":0,"menu_order":0,"comment_status":"closed","ping_status":"closed","template":"","meta":{"footnotes":""},"class_list":["post-304","page","type-page","status-publish","hentry"],"_links":{"self":[{"href":"https:\/\/www.mil-fotball.no\/sportsplan\/wp-json\/wp\/v2\/pages\/304","targetHints":{"allow":["GET"]}}],"collection":[{"href":"https:\/\/www.mil-fotball.no\/sportsplan\/wp-json\/wp\/v2\/pages"}],"about":[{"href":"https:\/\/www.mil-fotball.no\/sportsplan\/wp-json\/wp\/v2\/types\/page"}],"author":[{"embeddable":true,"href":"https:\/\/www.mil-fotball.no\/sportsplan\/wp-json\/wp\/v2\/users\/1"}],"replies":[{"embeddable":true,"href":"https:\/\/www.mil-fotball.no\/sportsplan\/wp-json\/wp\/v2\/comments?post=304"}],"version-history":[{"count":13,"href":"https:\/\/www.mil-fotball.no\/sportsplan\/wp-json\/wp\/v2\/pages\/304\/revisions"}],"predecessor-version":[{"id":443,"href":"https:\/\/www.mil-fotball.no\/sportsplan\/wp-json\/wp\/v2\/pages\/304\/revisions\/443"}],"wp:attachment":[{"href":"https:\/\/www.mil-fotball.no\/sportsplan\/wp-json\/wp\/v2\/media?parent=304"}],"curies":[{"name":"wp","href":"https:\/\/api.w.org\/{rel}","templated":true}]}}