{"id":322,"date":"2021-06-17T10:13:56","date_gmt":"2021-06-17T10:13:56","guid":{"rendered":"https:\/\/www.mil-fotball.no\/sportsplan\/?page_id=322"},"modified":"2021-06-17T15:19:59","modified_gmt":"2021-06-17T15:19:59","slug":"ofte-stilte-sporsmal","status":"publish","type":"page","link":"https:\/\/www.mil-fotball.no\/sportsplan\/ofte-stilte-sporsmal\/","title":{"rendered":"Ofte stilte sp\u00f8rsm\u00e5l"},"content":{"rendered":"\t\t<div data-elementor-type=\"wp-page\" data-elementor-id=\"322\" class=\"elementor elementor-322\">\n\t\t\t\t\t\t<section class=\"penci-section penci-disSticky penci-structure-10 elementor-section elementor-top-section elementor-element elementor-element-d1db30f elementor-section-boxed elementor-section-height-default elementor-section-height-default\" data-id=\"d1db30f\" data-element_type=\"section\" data-e-type=\"section\">\n\t\t\t\t\t\t<div class=\"elementor-container elementor-column-gap-default\">\n\t\t\t\t\t<div class=\"penci-ercol-100 penci-ercol-order-1 penci-sticky-ct  elementor-column elementor-col-100 elementor-top-column elementor-element elementor-element-77bd484\" data-id=\"77bd484\" data-element_type=\"column\" data-e-type=\"column\">\n\t\t\t<div class=\"elementor-widget-wrap elementor-element-populated\">\n\t\t\t\t\t\t<div class=\"elementor-element elementor-element-e82aa0c elementor-widget elementor-widget-heading\" data-id=\"e82aa0c\" data-element_type=\"widget\" data-e-type=\"widget\" data-widget_type=\"heading.default\">\n\t\t\t\t<div class=\"elementor-widget-container\">\n\t\t\t\t\t<h2 class=\"elementor-heading-title elementor-size-default\">Snarveier - det folk flest lurer p\u00e5<\/h2>\t\t\t\t<\/div>\n\t\t\t\t<\/div>\n\t\t\t\t<div class=\"elementor-element elementor-element-fce2f4b elementor-widget elementor-widget-text-editor\" data-id=\"fce2f4b\" data-element_type=\"widget\" data-e-type=\"widget\" data-widget_type=\"text-editor.default\">\n\t\t\t\t<div class=\"elementor-widget-container\">\n\t\t\t\t\t\t\t\t\t<ul><li>Sp\u00f8rsm\u00e5l 1<\/li><li>Sp\u00f8rsm\u00e5l 2<\/li><li>Sp\u00f8rsm\u00e5l 3<\/li><\/ul>\t\t\t\t\t\t\t\t<\/div>\n\t\t\t\t<\/div>\n\t\t\t\t<div class=\"elementor-element elementor-element-4723564 elementor-widget elementor-widget-text-editor\" data-id=\"4723564\" data-element_type=\"widget\" data-e-type=\"widget\" data-widget_type=\"text-editor.default\">\n\t\t\t\t<div class=\"elementor-widget-container\">\n\t\t\t\t\t\t\t\t\t<p>Finner du ikke det du leter etter? Ta kontakt med oss direkte.<\/p>\t\t\t\t\t\t\t\t<\/div>\n\t\t\t\t<\/div>\n\t\t\t\t\t<\/div>\n\t\t<\/div>\n\t\t\t\t\t<\/div>\n\t\t<\/section>\n\t\t\t\t<\/div>\n\t\t","protected":false},"excerpt":{"rendered":"<p>Snarveier &#8211; det folk flest lurer p\u00e5 Sp\u00f8rsm\u00e5l 1 Sp\u00f8rsm\u00e5l 2 Sp\u00f8rsm\u00e5l 3 Finner du ikke det du leter etter? Ta kontakt med oss direkte.<\/p>\n","protected":false},"author":1,"featured_media":0,"parent":0,"menu_order":0,"comment_status":"closed","ping_status":"closed","template":"","meta":{"footnotes":""},"class_list":["post-322","page","type-page","status-publish","hentry"],"_links":{"self":[{"href":"https:\/\/www.mil-fotball.no\/sportsplan\/wp-json\/wp\/v2\/pages\/322","targetHints":{"allow":["GET"]}}],"collection":[{"href":"https:\/\/www.mil-fotball.no\/sportsplan\/wp-json\/wp\/v2\/pages"}],"about":[{"href":"https:\/\/www.mil-fotball.no\/sportsplan\/wp-json\/wp\/v2\/types\/page"}],"author":[{"embeddable":true,"href":"https:\/\/www.mil-fotball.no\/sportsplan\/wp-json\/wp\/v2\/users\/1"}],"replies":[{"embeddable":true,"href":"https:\/\/www.mil-fotball.no\/sportsplan\/wp-json\/wp\/v2\/comments?post=322"}],"version-history":[{"count":7,"href":"https:\/\/www.mil-fotball.no\/sportsplan\/wp-json\/wp\/v2\/pages\/322\/revisions"}],"predecessor-version":[{"id":473,"href":"https:\/\/www.mil-fotball.no\/sportsplan\/wp-json\/wp\/v2\/pages\/322\/revisions\/473"}],"wp:attachment":[{"href":"https:\/\/www.mil-fotball.no\/sportsplan\/wp-json\/wp\/v2\/media?parent=322"}],"curies":[{"name":"wp","href":"https:\/\/api.w.org\/{rel}","templated":true}]}}