{"id":334,"date":"2021-06-17T10:52:32","date_gmt":"2021-06-17T10:52:32","guid":{"rendered":"https:\/\/www.mil-fotball.no\/sportsplan\/?page_id=334"},"modified":"2021-06-17T13:30:45","modified_gmt":"2021-06-17T13:30:45","slug":"innledning","status":"publish","type":"page","link":"https:\/\/www.mil-fotball.no\/sportsplan\/innledning\/","title":{"rendered":"Innledning"},"content":{"rendered":"\t\t<div data-elementor-type=\"wp-page\" data-elementor-id=\"334\" class=\"elementor elementor-334\">\n\t\t\t\t\t\t<section class=\"penci-section penci-disSticky penci-structure-10 elementor-section elementor-top-section elementor-element elementor-element-34b434f elementor-section-boxed elementor-section-height-default elementor-section-height-default\" data-id=\"34b434f\" data-element_type=\"section\" data-e-type=\"section\">\n\t\t\t\t\t\t<div class=\"elementor-container elementor-column-gap-default\">\n\t\t\t\t\t<div class=\"penci-ercol-100 penci-ercol-order-1 penci-sticky-ct  elementor-column elementor-col-100 elementor-top-column elementor-element elementor-element-08ff7fd\" data-id=\"08ff7fd\" data-element_type=\"column\" data-e-type=\"column\">\n\t\t\t<div class=\"elementor-widget-wrap elementor-element-populated\">\n\t\t\t\t\t\t<div class=\"elementor-element elementor-element-cf5cfd4 elementor-widget elementor-widget-text-editor\" data-id=\"cf5cfd4\" data-element_type=\"widget\" data-e-type=\"widget\" data-widget_type=\"text-editor.default\">\n\t\t\t\t<div class=\"elementor-widget-container\">\n\t\t\t\t\t\t\t\t\t<p><a name=\"1-0\"><\/a><strong><strong>1.0 INNLEDNING<\/strong><\/strong><\/p>\t\t\t\t\t\t\t\t<\/div>\n\t\t\t\t<\/div>\n\t\t\t\t<div class=\"elementor-element elementor-element-04467c7 elementor-widget elementor-widget-text-editor\" data-id=\"04467c7\" data-element_type=\"widget\" data-e-type=\"widget\" data-widget_type=\"text-editor.default\">\n\t\t\t\t<div class=\"elementor-widget-container\">\n\t\t\t\t\t\t\t\t\t<p><a name=\"1-1\"><\/a><strong>1.1 HVORFOR EN SPORTSPLAN?<\/strong><\/p><p>Hovedm\u00e5let for den organiserte fotballen er \u00e5 gi et tilbud der spillerne opplever trivsel, glede og mestring b\u00e5de i trening og kamp.<\/p><p>Spillerne skal gis mulighet til \u00e5 l\u00e6re seg fotball og utvikle individuelle og sosiale ferdigheter.<\/p><p>I MIL skal ungene ha et tilbud de er forn\u00f8yde med, uavhengig av niv\u00e5 og ambisjoner. Barna begynner med organisert fotball n\u00e5r de g\u00e5r i f\u00f8rste klasse. Klubben har oppstartrutiner for nye lag i klubben.<\/p><p>MIL fotball sokner til Mosj\u00f8en skole og klubben rekrutterer spiller derfra. Lagene er delt inn slik at de som g\u00e5r i samme klassetrinn spiller p\u00e5 samme lag. Dersom det er nok jenter og gutter til egne lag \u00f8nsker vi det. Dersom vi ikke har tilbud for et \u00e5rskull i klubben vil de spillerne som er p\u00e5 kullet enten spille for MIL-laget som er eldre eller yngre.<\/p><p>Et annet alternativ er at spillerne integreres i en annen klubb som har tilbud for \u00e5rsklassen.<\/p><p>Sportsplanen gir retningslinjer for trenere og andre for hvordan aktiviteten skal v\u00e6re i MIL fotball. Sportsplanen er laget av en gruppe satt ned av daglig leder i MIL. Den er ogs\u00e5 sendt ut p\u00e5 h\u00f8ring til samtlige trenere i klubben.<\/p>\t\t\t\t\t\t\t\t<\/div>\n\t\t\t\t<\/div>\n\t\t\t\t\t<\/div>\n\t\t<\/div>\n\t\t\t\t\t<\/div>\n\t\t<\/section>\n\t\t\t\t<\/div>\n\t\t","protected":false},"excerpt":{"rendered":"<p>1.0 INNLEDNING 1.1 HVORFOR EN SPORTSPLAN? Hovedm\u00e5let for den organiserte fotballen er \u00e5 gi et tilbud der spillerne opplever trivsel, glede og mestring b\u00e5de i trening og kamp. Spillerne skal&hellip;<\/p>\n","protected":false},"author":1,"featured_media":0,"parent":0,"menu_order":0,"comment_status":"closed","ping_status":"closed","template":"","meta":{"footnotes":""},"class_list":["post-334","page","type-page","status-publish","hentry"],"_links":{"self":[{"href":"https:\/\/www.mil-fotball.no\/sportsplan\/wp-json\/wp\/v2\/pages\/334","targetHints":{"allow":["GET"]}}],"collection":[{"href":"https:\/\/www.mil-fotball.no\/sportsplan\/wp-json\/wp\/v2\/pages"}],"about":[{"href":"https:\/\/www.mil-fotball.no\/sportsplan\/wp-json\/wp\/v2\/types\/page"}],"author":[{"embeddable":true,"href":"https:\/\/www.mil-fotball.no\/sportsplan\/wp-json\/wp\/v2\/users\/1"}],"replies":[{"embeddable":true,"href":"https:\/\/www.mil-fotball.no\/sportsplan\/wp-json\/wp\/v2\/comments?post=334"}],"version-history":[{"count":7,"href":"https:\/\/www.mil-fotball.no\/sportsplan\/wp-json\/wp\/v2\/pages\/334\/revisions"}],"predecessor-version":[{"id":461,"href":"https:\/\/www.mil-fotball.no\/sportsplan\/wp-json\/wp\/v2\/pages\/334\/revisions\/461"}],"wp:attachment":[{"href":"https:\/\/www.mil-fotball.no\/sportsplan\/wp-json\/wp\/v2\/media?parent=334"}],"curies":[{"name":"wp","href":"https:\/\/api.w.org\/{rel}","templated":true}]}}