{"id":339,"date":"2021-06-17T10:57:38","date_gmt":"2021-06-17T10:57:38","guid":{"rendered":"https:\/\/www.mil-fotball.no\/sportsplan\/?page_id=339"},"modified":"2021-06-17T15:08:02","modified_gmt":"2021-06-17T15:08:02","slug":"overordnet-for-klubben","status":"publish","type":"page","link":"https:\/\/www.mil-fotball.no\/sportsplan\/overordnet-for-klubben\/","title":{"rendered":"Overordnet for klubben"},"content":{"rendered":"\t\t<div data-elementor-type=\"wp-page\" data-elementor-id=\"339\" class=\"elementor elementor-339\">\n\t\t\t\t\t\t<section class=\"penci-section penci-disSticky penci-structure-10 elementor-section elementor-top-section elementor-element elementor-element-202eddb elementor-section-boxed elementor-section-height-default elementor-section-height-default\" data-id=\"202eddb\" data-element_type=\"section\" data-e-type=\"section\">\n\t\t\t\t\t\t<div class=\"elementor-container elementor-column-gap-default\">\n\t\t\t\t\t<div class=\"penci-ercol-100 penci-ercol-order-1 penci-sticky-ct  elementor-column elementor-col-100 elementor-top-column elementor-element elementor-element-ff758f8\" data-id=\"ff758f8\" data-element_type=\"column\" data-e-type=\"column\">\n\t\t\t<div class=\"elementor-widget-wrap elementor-element-populated\">\n\t\t\t\t\t\t<div class=\"elementor-element elementor-element-4cbf21b elementor-widget elementor-widget-text-editor\" data-id=\"4cbf21b\" data-element_type=\"widget\" data-e-type=\"widget\" data-widget_type=\"text-editor.default\">\n\t\t\t\t<div class=\"elementor-widget-container\">\n\t\t\t\t\t\t\t\t\t<p><a href=\"https:\/\/www.mil-fotball.no\/sportsplan\/overordnet-for-klubben\"><strong>2.0 OVERORDNET FOR KLUBBEN<\/strong><\/a><\/p><p style=\"padding-left: 40px;\"><a href=\"https:\/\/www.mil-fotball.no\/sportsplan\/overordnet-for-klubben#2-1\">2.1 KLUBBENS VISJON OG M\u00c5LSETTING<\/a><br \/><a href=\"https:\/\/www.mil-fotball.no\/sportsplan\/overordnet-for-klubben#2-2\">2.2 KLUBBENS VERDIGRUNNLAG<\/a><br \/><a href=\"https:\/\/www.mil-fotball.no\/sportsplan\/overordnet-for-klubben#2-3\">2.3 FAIR PLAY<\/a><br \/><a href=\"https:\/\/www.mil-fotball.no\/sportsplan\/overordnet-for-klubben#2-4\">2.4 ROLLER P\u00c5 LAGENE<\/a><br \/><a href=\"https:\/\/www.mil-fotball.no\/sportsplan\/overordnet-for-klubben#2-5\">2.5 FORELDREM\u00d8TER<\/a><br \/><a href=\"https:\/\/www.mil-fotball.no\/sportsplan\/overordnet-for-klubben#2-6\">2.6 HVA SKAL KJENNETEGNE EN BL\u00c5 SPILLER<\/a><br \/><a href=\"https:\/\/www.mil-fotball.no\/sportsplan\/overordnet-for-klubben#2-7\">2.7 HVA SKAL KJENNETEGNE DEN BL\u00c5 TRENEREN<\/a><br \/><a href=\"https:\/\/www.mil-fotball.no\/sportsplan\/overordnet-for-klubben#2-8\">2.8 HVA SKAL KJENNETEGNE DEN BL\u00c5 FORELDER<\/a><br \/><a href=\"https:\/\/www.mil-fotball.no\/sportsplan\/overordnet-for-klubben#2-9\">2.9 DEN BL\u00c5 PASNING<\/a><br \/><a href=\"https:\/\/www.mil-fotball.no\/sportsplan\/overordnet-for-klubben#2-10\">2.10 ANSVARLIG FOR SPORTSPLANEN<\/a><br \/><a href=\"https:\/\/www.mil-fotball.no\/sportsplan\/overordnet-for-klubben#2-11\">2.11 RUTINER VED AVVIK FRA SPORTSPLANEN<\/a><\/p>\t\t\t\t\t\t\t\t<\/div>\n\t\t\t\t<\/div>\n\t\t\t\t<div class=\"elementor-element elementor-element-42e578c elementor-widget elementor-widget-spacer\" data-id=\"42e578c\" data-element_type=\"widget\" data-e-type=\"widget\" data-widget_type=\"spacer.default\">\n\t\t\t\t<div class=\"elementor-widget-container\">\n\t\t\t\t\t\t\t<div class=\"elementor-spacer\">\n\t\t\t<div class=\"elementor-spacer-inner\"><\/div>\n\t\t<\/div>\n\t\t\t\t\t\t<\/div>\n\t\t\t\t<\/div>\n\t\t\t\t\t<\/div>\n\t\t<\/div>\n\t\t\t\t\t<\/div>\n\t\t<\/section>\n\t\t\t\t<section class=\"penci-section penci-disSticky penci-structure-10 elementor-section elementor-top-section elementor-element elementor-element-135915d elementor-section-boxed elementor-section-height-default elementor-section-height-default\" data-id=\"135915d\" data-element_type=\"section\" data-e-type=\"section\">\n\t\t\t\t\t\t<div class=\"elementor-container elementor-column-gap-default\">\n\t\t\t\t\t<div class=\"penci-ercol-100 penci-ercol-order-1 penci-sticky-ct  elementor-column elementor-col-100 elementor-top-column elementor-element elementor-element-51d74c2\" data-id=\"51d74c2\" data-element_type=\"column\" data-e-type=\"column\">\n\t\t\t<div class=\"elementor-widget-wrap elementor-element-populated\">\n\t\t\t\t\t\t<div class=\"elementor-element elementor-element-6bd7a45 elementor-widget elementor-widget-text-editor\" data-id=\"6bd7a45\" data-element_type=\"widget\" data-e-type=\"widget\" data-widget_type=\"text-editor.default\">\n\t\t\t\t<div class=\"elementor-widget-container\">\n\t\t\t\t\t\t\t\t\t<a name=\"2-0\"><\/a><strong>2.0 OVERORDNET FOR KLUBBEN<\/strong>\t\t\t\t\t\t\t\t<\/div>\n\t\t\t\t<\/div>\n\t\t\t\t<div class=\"elementor-element elementor-element-95e76db elementor-widget elementor-widget-text-editor\" data-id=\"95e76db\" data-element_type=\"widget\" data-e-type=\"widget\" data-widget_type=\"text-editor.default\">\n\t\t\t\t<div class=\"elementor-widget-container\">\n\t\t\t\t\t\t\t\t\t<p><a name=\"2-1\"><\/a><strong>2.1 KLUBBENS VISJON OG M\u00c5LSETTING<\/strong><\/p><p><strong>V\u00e5r visjon:<\/strong><\/p><p>\u00abMIL for alle\u00bb<\/p><p>V\u00e5r visjon \u00abMIL for alle\u00bb skal gjennomsyre det arbeidet som gj\u00f8res i klubben. Klubben skal legge til rette for fotballglede, muligheter og<br \/>utfordringer for alle som \u00f8nsker det. Uavhengig av forskjeller og bakgrunn, skal alle finne tilh\u00f8righet i v\u00e5r klubb. M\u00e5lsetting: MIL fotball skal v\u00e6re en av fotballkretsens beste og mest attraktive klubber som bedriver senior-, ungdoms-, og barnefotball.<\/p><p>Klubben skal v\u00e6re en god ambassad\u00f8r for Vefsn kommune.<\/p><p><a name=\"2-2\"><\/a><strong>2.2 KLUBBENS VERDIGRUNNLAG<\/strong><\/p><p>Klubbens initialer (M-I-L) representerer kjerneverdiene klubben \u00f8nsker \u00e5 identifisere oss med.<\/p><p><strong>Vi skal v\u00e6re:<\/strong><\/p><p>M \u2013 Motiverende<br \/>I \u2013 Inkluderende<br \/>L \u2013 Lidenskapelige<\/p><p><a name=\"2-3\"><\/a><strong>2.3 FAIR PLAY<\/strong><\/p><p>Fair Play handler ikke bare om gule og r\u00f8de kort. Fair Play handler ogs\u00e5 om hvordan vi oppf\u00f8rer oss mot hverandre, b\u00e5de p\u00e5 og utenfor banen. Det er viktig at alle tilknyttet MIL fotball f\u00f8lger de normer, regler og retningslinjer som klubben har satt. Dette bidrar til \u00e5 skape de holdningene og verdiene vi \u00f8nsker oss. Som igjen skaper et fotballmilj\u00f8 preget av trivsel og trygghet.<\/p><p><strong>Sentrale stikkord er:<\/strong><\/p><ul><li>Respekt og toleranse for hverandre<\/li><li>Alle er like verdifulle<\/li><li>Ta avstand fra rasisme og mobbing<\/li><li>Respektere dommerens avgj\u00f8relser<\/li><li>Skape et fellesskap som inkluderer alle<\/li><\/ul><p><a name=\"2-4\"><\/a><strong>2.4 ROLLER P\u00c5 LAGENE<\/strong><\/p><p><strong>TRENERE\/ST\u00d8TTEAPPARAT RUNDT LAGENE<\/strong><\/p><p>MIL fotball anbefaler alle v\u00e5re lag \u00e5 ha opprettet en foreldregruppe\/st\u00f8tteapparat rundt laget. Erfaringene viser at lag med et bredt st\u00f8tteapparat der flere avlaster hverandre fungerer best. En engasjert foreldregruppe\/st\u00f8tteapparat medf\u00f8rer at spillerne er aktive lengre i klubben.<\/p><p><strong>Alle lag b\u00f8r ha:<\/strong><\/p><p><strong>Hovedtrener:<\/strong><\/p><ul><li>Bli godt kjent med alle spillere i gruppen gjennom spillersamtaler\/m\u00f8ter.<\/li><li>Skape trygghet og mestring hos alle i spillerguppa.<\/li><li>F\u00f8lge klubbens sportsplan.<\/li><li>Kjenne innholdet i klubbh\u00e5ndboka<\/li><li>Ansvaret for det sportslige tilbudet.<\/li><li>Sesongplanlegging.<\/li><li>\u00d8kt planlegging<\/li><li>Uttak av tropp og lag til kamp.<\/li><li>Kampledelse.<\/li><li>Delta p\u00e5 klubbens trenerm\u00f8ter.<\/li><li>F\u00f8lge opp hver enkelt spiller best mulig med individuelt treningsopplegg og tilbakemelding.<\/li><li>Bygge, lede og utvikle st\u00f8tteapparatet rundt laget.<\/li><li>Ta trenerkurs.<\/li><li>Lagene oppfordres til \u00e5 ha en hovedtrener som har hovedansvaret for \u00e5 lede st\u00f8tteapparatet.<\/li><li>Hospitering og kontakt med sportslig leder og trenerveileder.<\/li><\/ul><p><strong>Hjelpetrener\/Assistenter<\/strong><\/p><ul><li>Holde seg faglig oppdatert og ta del i de kurs som klubben og NFK tilbyr.<\/li><li>M\u00f8te forberedt til trening iht. lagets planer.<\/li><li>F\u00f8re oppm\u00f8telogg p\u00e5 treninger.<\/li><li>Bruk positive forsterkere under trening (oppmuntring, ros, artige \u00f8velser osv.) for \u00e5 oppn\u00e5 \u00f8nsket adferd og resultater.<\/li><li>Kampledelse.<\/li><li>Spill p\u00e5 lag med hovedtrener og f\u00f8lg opp den bl\u00e5 spilleren.<\/li><li>Registrere kamprapport i Fiks (gjelder kun ungdomsfotball).<\/li><li>Kvalitetssikre at dommeren som er satt opp m\u00f8ter til oppsatt kamp.<\/li><\/ul><p><strong>Foreldrekontakt:<\/strong><\/p><ul><li>Skrive kj\u00f8re liste til bortekamper evt. turneringer.<\/li><li>Videresende informasjon fra klubb til foreldre\/foresatte.<\/li><li>Innkalle til foreldrem\u00f8ter.<\/li><li>Ansvarlig for sosiale aktiviteter utenfor fotballen (eks. pizzakveld, sykkeltur, tur i sv\u00f8mmehallen, fotballkamp mellom foreldre og barn).<\/li><li>Opprette Facebook gruppe for laget og kvalitetssikre at alle foreldre\/foresatte er medlemmer.<\/li><li>Ansvarlig for \u00e5 arrangere dugnader for \u00e5 skaffe laget inntekter.<\/li><li>Ansvarlig for \u00e5 sette opp dugnadslister og \u00e5 kommunisere disse til foresatte\/spillere<\/li><li>Lage lister for kamp vert til hjemmekampene.<\/li><li>Samarbeid med trenerteam<\/li><\/ul><p><strong>\u00d8konomiansvarlig:<\/strong><\/p><ul><li>Ansvarlig for \u00e5 opprette en lagskonto.<\/li><li>Ansvarlig for \u00e5 ha oversikt over lagets \u00f8konomi.<\/li><\/ul><p><a name=\"2-5\"><\/a><strong>2.5 FORELDREM\u00d8TER<\/strong><\/p><p>Det skal avholdes et foreldrem\u00f8te n\u00e5r laget starter treningen for ny sesong og et foreldrem\u00f8te f\u00f8r laget drar p\u00e5 sommerturnering. Ellers avholdes foreldrem\u00f8ter ved behov.<\/p><p><strong>Agenda for foreldrem\u00f8te ved treningsoppstart:<\/strong><\/p><p>1. G\u00e5 gjennom MILs retningslinjer for aldersgruppen<\/p><p style=\"padding-left: 40px;\">a. Hovedm\u00e5l og virkemidler og klubbens verdigrunnlag.<br \/>b. Retningslinjer for trenere\/ledere.<br \/>c. Fair Play reglene for spillerne.<br \/>d. Dele ut og g\u00e5 gjennom foreldrevettreglene.<br \/>e. Spilletid<br \/>f. Differensiering<br \/>g. Inndeling lag<br \/>h. Turneringer<\/p><p>2. Opplegget for sesongen<\/p><p style=\"padding-left: 40px;\">a. Seriespill<br \/>b. Turnering<br \/>c. Treninger<\/p><p>3. Forberedelser<\/p><p style=\"padding-left: 40px;\">a. Kosthold<br \/>b. S\u00f8vn\/hvile<\/p><p>4. Koordinering flere idretter<\/p><p>5. Velge to foreldrekontakter med ansvar for:<\/p><p style=\"padding-left: 40px;\">a. \u00d8konomi<br \/>b. Kj\u00f8re liste<br \/>c. Kakebaking\/kaffesalg p\u00e5 kamper<br \/>d P\u00e5melding turnering<br \/>e. Dugnadsliste<\/p><p><a name=\"2-6\"><\/a><strong>2.6 HVA SKAL KJENNETEGNE EN BL\u00c5 SPILLER<\/strong><\/p><p><strong>En MIL-spiller skal:<\/strong><\/p><ul><li>kunne sl\u00e5 b\u00e5de lange og korte pasninger p\u00e5 en tilfredsstillende m\u00e5te med vekting av kraft i forhold til medspiller.<\/li><li>kunne bruke en eller flere finter p\u00e5 hensiktsmessig m\u00e5te i b\u00e5de trening og i kampsituasjon.<\/li><li>kunne forst\u00e5 prinsippene som 1. forsvarer og beherske 1. forsvarsrollen p\u00e5 en tilfredsstillende m\u00e5te.<\/li><li>forst\u00e5 nytteverdien av \u00abden bl\u00e5 pasning\u00bb og bruke den aktivt i kamp og trening<\/li><li>forst\u00e5 de taktiske prinsippene om bruk av ledig rom, skape 2 mot 1 situasjoner, ha en forst\u00e5else av at hele laget er forsvarsspillere n\u00e5r laget forsvarer seg og angrepspillere n\u00e5r laget angriper.<\/li><li>Ta med midtbanen i oppbygging av spill.<\/li><li>Alltid kort igangsetting fra keeper.<\/li><\/ul><p>Det er viktig for klubben at trenerne forlagene skal ha fokus p\u00e5 \u00e5 utvikle \u00abDen bl\u00e5 spilleren\u00bb ogs\u00e5 utenfor fotballbanen. Dette betyr at man i MIL fotball skal ha fokus p\u00e5 at\u2026<\/p><ul><li>den bl\u00e5 spilleren hjelper til med utstyr f\u00f8r og etter trening.<\/li><li>den bl\u00e5 spilleren m\u00f8ter presist til trening og kamp.<\/li><li>den bl\u00e5 spilleren gj\u00f8r sitt for at andre skal ha det bra.<\/li><li>den bl\u00e5 spilleren er lojal ovenfor trenere, lagkamerater, lag og klubb.<\/li><li>den bl\u00e5 spilleren har respekt for at vi er ulike.<\/li><li>alle bl\u00e5 jobber mot samme m\u00e5l.<\/li><\/ul><p><a name=\"2-7\"><\/a><strong>2.7 HVA SKAL KJENNETEGNE DEN BL\u00c5 TRENEREN<\/strong><\/p><p>Som trener og leder i barne- og ungdomsfotballen er man en av de synligste og viktigste ambassad\u00f8rene for Mosj\u00f8en IL. Alle som innehar denne rollen i Mosj\u00f8en IL, har et s\u00e6rskilt ansvar for \u00e5 fremme Fair Play i fotballen.<\/p><ul><li>Alle spillerne er like mye verdt<\/li><li>V\u00e6r positiv og oppmuntre i medgang og motgang.<\/li><li>Vis respekt for klubbens retningslinjer.<\/li><li>Tilrettelegg for et trygt milj\u00f8.<\/li><li>Hils alltid p\u00e5 motstanderens trener f\u00f8r kampen og takk alltid for kampen etterp\u00e5.<\/li><li>Vis respekt for andre; ikke r\u00f8yk, bann eller v\u00e6r aggressiv p\u00e5 sidelinja.<\/li><li>Se p\u00e5 dommeren som en veileder og gj\u00f8r dommeren god!<\/li><\/ul><p><a name=\"2-8\"><\/a><strong>2.8 HVA SKAL KJENNETEGNE DEN BL\u00c5 FORELDER<\/strong><\/p><ul><li>St\u00f8tt opp om klubbens arbeid \u2013 gjennom foreldrem\u00f8ter forankres fotballens og klubbens verdisyn.<\/li><li>M\u00f8t fram til kamper og treninger \u2013 du er viktig b\u00e5de for spillerne og milj\u00f8et.<\/li><li>Gi oppmuntring til alle spillerne i med- og motgang \u2013 dette gir trygghet, trivsel og motivasjon for \u00e5 bli i fotballfamilien lenge.<\/li><li>Vi har alle ansvar for kampmilj\u00f8et \u2013 gi ros til begge lag for gode prestasjoner og Fair Play.<\/li><li>Respekter trenerens kampledelse \u2013 konstruktiv dialog om gjennomf\u00f8ring tas med trener og klubb i etterkant.<\/li><li>Respekter dommerens avgj\u00f8relser \u2013 selv om du av og til er uenig!<\/li><li>Det er ditt barn som spiller fotball. Opptre positivt og st\u00f8ttende \u2013 da er du en god medspiller!<\/li><li>Respekter avgj\u00f8relsene og bidra til at dommeren trives.<\/li><li>Hils alltid p\u00e5 dommeren f\u00f8r kampen og takk alltid for kampen etterp\u00e5.<\/li><li>V\u00e6r et forbilde for barna med tanke p\u00e5 adferd overfor dommeren.<\/li><\/ul><p><a name=\"2-9\"><\/a><strong>2.9 DEN BL\u00c5 PASNING<\/strong><\/p><p><strong>Hva?<\/strong><\/p><p>F\u00f8rste pasning etter brudd (etter at laget har erobret ballen) vil vi skal g\u00e5 til en medspiller.<\/p><p>\u00abDen bl\u00e5 pasning\u00bb skal v\u00e6re en god pasning. Dersom spiller er usikker p\u00e5 om ballen vil komme fram til medspiller skal et annet valg vurderes.<\/p><p><strong>Hvorfor?<\/strong><\/p><p>Identitet.<\/p><p>I MIL fotball etterstreber vi \u00e5 spille ballen, ikke sparke den en vilk\u00e5rlig plass. Med aktiv bruk av \u00abden bl\u00e5 pasning\u00bb har MILlaget gode forutsetninger for en god angrepstart. T\u00f8rre \u00e5 spille fotball, ikke sparke fotball<\/p><p><strong>Hvordan?<\/strong><\/p><p>Tidlig kjennskap til \u00abden bl\u00e5 pasning\u00bb.<\/p><p>Trene p\u00e5 den aktivt i trening, gj\u00f8re spillegruppen bevisst p\u00e5 den. Dette medf\u00f8rer f\u00f8lgende momenter spillerne m\u00e5 trene p\u00e5:<\/p><ul><li>Orientering i forkant (hvor skal jeg gj\u00f8re av ballen om jeg f\u00e5r den n\u00e5\/erobrer den?)<\/li><li>Retningsbestemt mottak (hvis Petter skal f\u00e5 ballen m\u00e5 jeg gj\u00f8re det enklest mulig for meg \u00e5 sl\u00e5 pasningen til han).<\/li><li>Pasningsferdighet (hvilken type pasning, og hvor hard skal den v\u00e6re for at jeg skal helt sikkert treffe Petter med denne pasningen?).<\/li><\/ul><p><strong>VI \u00d8NSKER AT MIL LAG SKAL SPILLE FOTBALL OG DEN BL\u00c5 PASNING BIDRAR TIL DETTE!<\/strong><\/p><p><a name=\"2-10\"><\/a><strong>2.10 ANSVARLIG FOR SPORTSPLANEN<\/strong><\/p><p>Klubbens styre er ansvarlig for sportsplanen. Sportslig ledelse har mandat fra klubbens styre til \u00e5 revidere, implementere og f\u00f8lge opp at aktiviteten i klubben f\u00f8lger denne planen. Sportsplanen revideres hvert \u00e5r innen 30. november, med \u00e5rlig nytt vedtak i styret i l\u00f8pet av desember hvert \u00e5r.<\/p><p><a name=\"2-11\"><\/a><strong>2.11 RUTINER VED AVVIK FRA SPORTSPLANEN<\/strong><\/p><p>Dersom medlemmer, foresatte, samarbeidspartnere eller \u00f8vrige opplever avvik fra sportsplanen skal dette meldes inn til daglig leder eller sportslig leder i klubben. Daglig\/sportslig leder behandler og gj\u00f8r n\u00f8dvendige tiltak for \u00e5 l\u00f8se saken. Styret orienteres ogs\u00e5. Dersom saken er av en slik alvorlighetsgrad at daglig\/sportslig leder finner det riktig, sendes saken til styreleder i MIL fotball, eventuelt ogs\u00e5 styreleder i MIL sentralt.<\/p>\t\t\t\t\t\t\t\t<\/div>\n\t\t\t\t<\/div>\n\t\t\t\t\t<\/div>\n\t\t<\/div>\n\t\t\t\t\t<\/div>\n\t\t<\/section>\n\t\t\t\t<\/div>\n\t\t","protected":false},"excerpt":{"rendered":"<p>2.0 OVERORDNET FOR KLUBBEN 2.1 KLUBBENS VISJON OG M\u00c5LSETTING2.2 KLUBBENS VERDIGRUNNLAG2.3 FAIR PLAY2.4 ROLLER P\u00c5 LAGENE2.5 FORELDREM\u00d8TER2.6 HVA SKAL KJENNETEGNE EN BL\u00c5 SPILLER2.7 HVA SKAL KJENNETEGNE DEN BL\u00c5 TRENEREN2.8 HVA&hellip;<\/p>\n","protected":false},"author":1,"featured_media":0,"parent":0,"menu_order":0,"comment_status":"closed","ping_status":"closed","template":"","meta":{"footnotes":""},"class_list":["post-339","page","type-page","status-publish","hentry"],"_links":{"self":[{"href":"https:\/\/www.mil-fotball.no\/sportsplan\/wp-json\/wp\/v2\/pages\/339","targetHints":{"allow":["GET"]}}],"collection":[{"href":"https:\/\/www.mil-fotball.no\/sportsplan\/wp-json\/wp\/v2\/pages"}],"about":[{"href":"https:\/\/www.mil-fotball.no\/sportsplan\/wp-json\/wp\/v2\/types\/page"}],"author":[{"embeddable":true,"href":"https:\/\/www.mil-fotball.no\/sportsplan\/wp-json\/wp\/v2\/users\/1"}],"replies":[{"embeddable":true,"href":"https:\/\/www.mil-fotball.no\/sportsplan\/wp-json\/wp\/v2\/comments?post=339"}],"version-history":[{"count":22,"href":"https:\/\/www.mil-fotball.no\/sportsplan\/wp-json\/wp\/v2\/pages\/339\/revisions"}],"predecessor-version":[{"id":469,"href":"https:\/\/www.mil-fotball.no\/sportsplan\/wp-json\/wp\/v2\/pages\/339\/revisions\/469"}],"wp:attachment":[{"href":"https:\/\/www.mil-fotball.no\/sportsplan\/wp-json\/wp\/v2\/media?parent=339"}],"curies":[{"name":"wp","href":"https:\/\/api.w.org\/{rel}","templated":true}]}}