{"id":343,"date":"2021-06-17T10:59:26","date_gmt":"2021-06-17T10:59:26","guid":{"rendered":"https:\/\/www.mil-fotball.no\/sportsplan\/?page_id=343"},"modified":"2021-06-17T12:23:57","modified_gmt":"2021-06-17T12:23:57","slug":"barnefotballen-6-12-ar","status":"publish","type":"page","link":"https:\/\/www.mil-fotball.no\/sportsplan\/barnefotballen-6-12-ar\/","title":{"rendered":"Barnefotballen 6-12 \u00e5r"},"content":{"rendered":"\t\t<div data-elementor-type=\"wp-page\" data-elementor-id=\"343\" class=\"elementor elementor-343\">\n\t\t\t\t\t\t<section class=\"penci-section penci-disSticky penci-structure-10 elementor-section elementor-top-section elementor-element elementor-element-caa114e elementor-section-boxed elementor-section-height-default elementor-section-height-default\" data-id=\"caa114e\" data-element_type=\"section\" data-e-type=\"section\">\n\t\t\t\t\t\t<div class=\"elementor-container elementor-column-gap-default\">\n\t\t\t\t\t<div class=\"penci-ercol-100 penci-ercol-order-1 penci-sticky-ct  elementor-column elementor-col-100 elementor-top-column elementor-element elementor-element-ef7f252\" data-id=\"ef7f252\" data-element_type=\"column\" data-e-type=\"column\">\n\t\t\t<div class=\"elementor-widget-wrap elementor-element-populated\">\n\t\t\t\t\t\t<div class=\"elementor-element elementor-element-a11f570 elementor-widget elementor-widget-text-editor\" data-id=\"a11f570\" data-element_type=\"widget\" data-e-type=\"widget\" data-widget_type=\"text-editor.default\">\n\t\t\t\t<div class=\"elementor-widget-container\">\n\t\t\t\t\t\t\t\t\t<p><strong>4.0 BARNEFOTBALLEN 6-12 \u00c5R<\/strong><\/p>\t\t\t\t\t\t\t\t<\/div>\n\t\t\t\t<\/div>\n\t\t\t\t<div class=\"elementor-element elementor-element-60e2aad elementor-widget elementor-widget-text-editor\" data-id=\"60e2aad\" data-element_type=\"widget\" data-e-type=\"widget\" data-widget_type=\"text-editor.default\">\n\t\t\t\t<div class=\"elementor-widget-container\">\n\t\t\t\t\t\t\t\t\t<p>Hovedm\u00e5let for barnefotball er \u00e5 gi tilbud der spillerne opplever trivsel, glede og mestring b\u00e5de i trening og kamp. Spillerne skal gis mulighet til \u00e5 l\u00e6re seg fotball og utvikle individuelle og sosiale ferdigheter. I MIL skal ungene ha et tilbud de er forn\u00f8yde med uavhengig av niv\u00e5 og ambisjoner.<\/p><p>I barnefotballen har vi ogs\u00e5 stort fokus p\u00e5 \u00e5 rekruttere og beholde flest mulig \u2013 lengst mulig.<\/p>\t\t\t\t\t\t\t\t<\/div>\n\t\t\t\t<\/div>\n\t\t\t\t\t<\/div>\n\t\t<\/div>\n\t\t\t\t\t<\/div>\n\t\t<\/section>\n\t\t\t\t<\/div>\n\t\t","protected":false},"excerpt":{"rendered":"<p>4.0 BARNEFOTBALLEN 6-12 \u00c5R Hovedm\u00e5let for barnefotball er \u00e5 gi tilbud der spillerne opplever trivsel, glede og mestring b\u00e5de i trening og kamp. Spillerne skal gis mulighet til \u00e5 l\u00e6re&hellip;<\/p>\n","protected":false},"author":1,"featured_media":0,"parent":0,"menu_order":0,"comment_status":"closed","ping_status":"closed","template":"","meta":{"footnotes":""},"class_list":["post-343","page","type-page","status-publish","hentry"],"_links":{"self":[{"href":"https:\/\/www.mil-fotball.no\/sportsplan\/wp-json\/wp\/v2\/pages\/343","targetHints":{"allow":["GET"]}}],"collection":[{"href":"https:\/\/www.mil-fotball.no\/sportsplan\/wp-json\/wp\/v2\/pages"}],"about":[{"href":"https:\/\/www.mil-fotball.no\/sportsplan\/wp-json\/wp\/v2\/types\/page"}],"author":[{"embeddable":true,"href":"https:\/\/www.mil-fotball.no\/sportsplan\/wp-json\/wp\/v2\/users\/1"}],"replies":[{"embeddable":true,"href":"https:\/\/www.mil-fotball.no\/sportsplan\/wp-json\/wp\/v2\/comments?post=343"}],"version-history":[{"count":4,"href":"https:\/\/www.mil-fotball.no\/sportsplan\/wp-json\/wp\/v2\/pages\/343\/revisions"}],"predecessor-version":[{"id":409,"href":"https:\/\/www.mil-fotball.no\/sportsplan\/wp-json\/wp\/v2\/pages\/343\/revisions\/409"}],"wp:attachment":[{"href":"https:\/\/www.mil-fotball.no\/sportsplan\/wp-json\/wp\/v2\/media?parent=343"}],"curies":[{"name":"wp","href":"https:\/\/api.w.org\/{rel}","templated":true}]}}