{"id":351,"date":"2021-06-17T11:00:29","date_gmt":"2021-06-17T11:00:29","guid":{"rendered":"https:\/\/www.mil-fotball.no\/sportsplan\/?page_id=351"},"modified":"2021-06-17T12:13:32","modified_gmt":"2021-06-17T12:13:32","slug":"arsklasse-12-ar","status":"publish","type":"page","link":"https:\/\/www.mil-fotball.no\/sportsplan\/arsklasse-12-ar\/","title":{"rendered":"\u00c5rsklasse 12 \u00e5r"},"content":{"rendered":"\t\t<div data-elementor-type=\"wp-page\" data-elementor-id=\"351\" class=\"elementor elementor-351\">\n\t\t\t\t\t\t<section class=\"penci-section penci-disSticky penci-structure-10 elementor-section elementor-top-section elementor-element elementor-element-cad83bb elementor-section-boxed elementor-section-height-default elementor-section-height-default\" data-id=\"cad83bb\" data-element_type=\"section\" data-e-type=\"section\">\n\t\t\t\t\t\t<div class=\"elementor-container elementor-column-gap-default\">\n\t\t\t\t\t<div class=\"penci-ercol-100 penci-ercol-order-1 penci-sticky-ct  elementor-column elementor-col-100 elementor-top-column elementor-element elementor-element-db6e01d\" data-id=\"db6e01d\" data-element_type=\"column\" data-e-type=\"column\">\n\t\t\t<div class=\"elementor-widget-wrap elementor-element-populated\">\n\t\t\t\t\t\t<div class=\"elementor-element elementor-element-bbb9d35 elementor-widget elementor-widget-text-editor\" data-id=\"bbb9d35\" data-element_type=\"widget\" data-e-type=\"widget\" data-widget_type=\"text-editor.default\">\n\t\t\t\t<div class=\"elementor-widget-container\">\n\t\t\t\t\t\t\t\t\t<p><strong>4.4 \u00c5RSKLASSE 12 \u00c5R<\/strong><\/p>\t\t\t\t\t\t\t\t<\/div>\n\t\t\t\t<\/div>\n\t\t\t\t<div class=\"elementor-element elementor-element-217c0e8 elementor-widget elementor-widget-text-editor\" data-id=\"217c0e8\" data-element_type=\"widget\" data-e-type=\"widget\" data-widget_type=\"text-editor.default\">\n\t\t\t\t<div class=\"elementor-widget-container\">\n\t\t\t\t\t\t\t\t\t<p><strong>Kamp:<\/strong><\/p><p>12 \u00e5r: 9er fotball. 8 utespillere + keeper.<\/p><p><strong>Laginndeling:<\/strong><\/p><p>Lagene settes sammen i jevnbyrdige lag etter kriteriene kameratskap og mangfold i ferdigheter.<\/p><p><strong>Antall spillere pr. lag:<\/strong><\/p><p>Vi \u00f8nsker 11-14 spillere per lag i 9er fotball som sikrer masse spilletid for alle.<\/p><p><strong>Lagp\u00e5melding:<\/strong><\/p><p>Klubben melder p\u00e5 lag til seriespill i NFF Nordland. Dette skal gj\u00f8res innen 15. januar hvert \u00e5r. Ansvarlig i klubb kontakter trener i forkant for \u00e5<br \/>avtale antall lag. Laget melder seg p\u00e5 antall lag i turneringer man deltar p\u00e5.<\/p><p><strong>Spilletid:<\/strong><\/p><p>I barnefotballen skal man tilstrebe \u00e5 gi spillerne lik spilletid i kamper uavhengig av treningsoppm\u00f8te og utenforliggende faktorer som eks.<br \/>sykdom og deltagelse i andre idretter.<\/p><p><strong>Trening:<\/strong><\/p><p>Antall treninger per uke: 1-2 stk lagtrening per uke. Kan varier litt fra lag til lag og i l\u00f8pet av \u00e5ret.<\/p><p>Trenings\u00f8ktene skal planlegges slik at innholdet er tilrettelagt spillernes alder, utviklingstrekk og modning. Se egne trenerguider eller trenings\u00f8kta.no for tips for oppbygging av \u00f8kta og \u00f8velsesutvalg for disse aldersgruppene.<\/p><p><strong>Turnering:<\/strong><\/p><p>Utover egen turnering, Kippermocupen, dekker MIL fotball p\u00e5meldingsavgift til tre andre turneringer i l\u00f8pet av \u00e5ret for alle v\u00e5re lag. Klubben oppfordrer spesielt v\u00e5re lag til \u00e5 delta p\u00e5 de lokale turneringene i v\u00e5r kommune.<\/p><p>I MIL fotball er det ogs\u00e5 muligheter for \u00e5 s\u00f8ke om tilskudd fra klubb om deltagelse p\u00e5 turneringer som ikke omfatter Helgeland.<\/p><p><strong>Geografisk omr\u00e5de<\/strong><\/p><p>a. Nord-Norge og Nord-Sverige<br \/>b. Deltakelse i alle andre turneringer skal p\u00e5 forh\u00e5nd s\u00f8kes til Daglig leder<br \/>c. For sammensatte lag med Mil-spillere\/trenere gjelder samme regel<\/p><p><strong>Ekstratilbud:<\/strong><\/p><ul><li>\u00c5pen hall l\u00f8rdag og s\u00f8ndag<\/li><li>Fotballskole uke 25<\/li><li>Sammen om utvikling<\/li><\/ul>\t\t\t\t\t\t\t\t<\/div>\n\t\t\t\t<\/div>\n\t\t\t\t\t<\/div>\n\t\t<\/div>\n\t\t\t\t\t<\/div>\n\t\t<\/section>\n\t\t\t\t<\/div>\n\t\t","protected":false},"excerpt":{"rendered":"<p>4.4 \u00c5RSKLASSE 12 \u00c5R Kamp: 12 \u00e5r: 9er fotball. 8 utespillere + keeper. Laginndeling: Lagene settes sammen i jevnbyrdige lag etter kriteriene kameratskap og mangfold i ferdigheter. Antall spillere pr.&hellip;<\/p>\n","protected":false},"author":1,"featured_media":0,"parent":0,"menu_order":0,"comment_status":"closed","ping_status":"closed","template":"","meta":{"footnotes":""},"class_list":["post-351","page","type-page","status-publish","hentry"],"_links":{"self":[{"href":"https:\/\/www.mil-fotball.no\/sportsplan\/wp-json\/wp\/v2\/pages\/351","targetHints":{"allow":["GET"]}}],"collection":[{"href":"https:\/\/www.mil-fotball.no\/sportsplan\/wp-json\/wp\/v2\/pages"}],"about":[{"href":"https:\/\/www.mil-fotball.no\/sportsplan\/wp-json\/wp\/v2\/types\/page"}],"author":[{"embeddable":true,"href":"https:\/\/www.mil-fotball.no\/sportsplan\/wp-json\/wp\/v2\/users\/1"}],"replies":[{"embeddable":true,"href":"https:\/\/www.mil-fotball.no\/sportsplan\/wp-json\/wp\/v2\/comments?post=351"}],"version-history":[{"count":4,"href":"https:\/\/www.mil-fotball.no\/sportsplan\/wp-json\/wp\/v2\/pages\/351\/revisions"}],"predecessor-version":[{"id":397,"href":"https:\/\/www.mil-fotball.no\/sportsplan\/wp-json\/wp\/v2\/pages\/351\/revisions\/397"}],"wp:attachment":[{"href":"https:\/\/www.mil-fotball.no\/sportsplan\/wp-json\/wp\/v2\/media?parent=351"}],"curies":[{"name":"wp","href":"https:\/\/api.w.org\/{rel}","templated":true}]}}