{"id":353,"date":"2021-06-17T11:00:51","date_gmt":"2021-06-17T11:00:51","guid":{"rendered":"https:\/\/www.mil-fotball.no\/sportsplan\/?page_id=353"},"modified":"2021-06-17T12:10:44","modified_gmt":"2021-06-17T12:10:44","slug":"ungdomsfotball-13-19-ar","status":"publish","type":"page","link":"https:\/\/www.mil-fotball.no\/sportsplan\/ungdomsfotball-13-19-ar\/","title":{"rendered":"Ungdomsfotball 13-19 \u00e5r"},"content":{"rendered":"\t\t<div data-elementor-type=\"wp-page\" data-elementor-id=\"353\" class=\"elementor elementor-353\">\n\t\t\t\t\t\t<section class=\"penci-section penci-disSticky penci-structure-10 elementor-section elementor-top-section elementor-element elementor-element-cf7c3ae elementor-section-boxed elementor-section-height-default elementor-section-height-default\" data-id=\"cf7c3ae\" data-element_type=\"section\" data-e-type=\"section\">\n\t\t\t\t\t\t<div class=\"elementor-container elementor-column-gap-default\">\n\t\t\t\t\t<div class=\"penci-ercol-100 penci-ercol-order-1 penci-sticky-ct  elementor-column elementor-col-100 elementor-top-column elementor-element elementor-element-469459e\" data-id=\"469459e\" data-element_type=\"column\" data-e-type=\"column\">\n\t\t\t<div class=\"elementor-widget-wrap elementor-element-populated\">\n\t\t\t\t\t\t<div class=\"elementor-element elementor-element-2db0b54 elementor-widget elementor-widget-text-editor\" data-id=\"2db0b54\" data-element_type=\"widget\" data-e-type=\"widget\" data-widget_type=\"text-editor.default\">\n\t\t\t\t<div class=\"elementor-widget-container\">\n\t\t\t\t\t\t\t\t\t<p><strong>5.0 UNGDOMSFOTBALL 13-19 \u00c5R<\/strong><\/p>\t\t\t\t\t\t\t\t<\/div>\n\t\t\t\t<\/div>\n\t\t\t\t<div class=\"elementor-element elementor-element-33d4e6b elementor-widget elementor-widget-text-editor\" data-id=\"33d4e6b\" data-element_type=\"widget\" data-e-type=\"widget\" data-widget_type=\"text-editor.default\">\n\t\t\t\t<div class=\"elementor-widget-container\">\n\t\t\t\t\t\t\t\t\t<p>I ungdomsfotballen skal MIL gi alle et tilbud de er forn\u00f8yde med ut ifra b\u00e5de interesse og ferdigheter. Et godt og inkluderende milj\u00f8 er<br \/>avgj\u00f8rende for hvordan frafallet vil v\u00e6re i denne perioden. Her har vi en klar m\u00e5lsetning om \u00e5 beholde flest mulig \u2013 lengst mulig.<\/p>\t\t\t\t\t\t\t\t<\/div>\n\t\t\t\t<\/div>\n\t\t\t\t\t<\/div>\n\t\t<\/div>\n\t\t\t\t\t<\/div>\n\t\t<\/section>\n\t\t\t\t<\/div>\n\t\t","protected":false},"excerpt":{"rendered":"<p>5.0 UNGDOMSFOTBALL 13-19 \u00c5R I ungdomsfotballen skal MIL gi alle et tilbud de er forn\u00f8yde med ut ifra b\u00e5de interesse og ferdigheter. Et godt og inkluderende milj\u00f8 eravgj\u00f8rende for hvordan&hellip;<\/p>\n","protected":false},"author":1,"featured_media":0,"parent":0,"menu_order":0,"comment_status":"closed","ping_status":"closed","template":"","meta":{"footnotes":""},"class_list":["post-353","page","type-page","status-publish","hentry"],"_links":{"self":[{"href":"https:\/\/www.mil-fotball.no\/sportsplan\/wp-json\/wp\/v2\/pages\/353","targetHints":{"allow":["GET"]}}],"collection":[{"href":"https:\/\/www.mil-fotball.no\/sportsplan\/wp-json\/wp\/v2\/pages"}],"about":[{"href":"https:\/\/www.mil-fotball.no\/sportsplan\/wp-json\/wp\/v2\/types\/page"}],"author":[{"embeddable":true,"href":"https:\/\/www.mil-fotball.no\/sportsplan\/wp-json\/wp\/v2\/users\/1"}],"replies":[{"embeddable":true,"href":"https:\/\/www.mil-fotball.no\/sportsplan\/wp-json\/wp\/v2\/comments?post=353"}],"version-history":[{"count":5,"href":"https:\/\/www.mil-fotball.no\/sportsplan\/wp-json\/wp\/v2\/pages\/353\/revisions"}],"predecessor-version":[{"id":394,"href":"https:\/\/www.mil-fotball.no\/sportsplan\/wp-json\/wp\/v2\/pages\/353\/revisions\/394"}],"wp:attachment":[{"href":"https:\/\/www.mil-fotball.no\/sportsplan\/wp-json\/wp\/v2\/media?parent=353"}],"curies":[{"name":"wp","href":"https:\/\/api.w.org\/{rel}","templated":true}]}}