{"id":355,"date":"2021-06-17T11:01:06","date_gmt":"2021-06-17T11:01:06","guid":{"rendered":"https:\/\/www.mil-fotball.no\/sportsplan\/?page_id=355"},"modified":"2021-06-17T12:09:16","modified_gmt":"2021-06-17T12:09:16","slug":"arsklasse-13-ar","status":"publish","type":"page","link":"https:\/\/www.mil-fotball.no\/sportsplan\/arsklasse-13-ar\/","title":{"rendered":"\u00c5rsklasse 13 \u00e5r"},"content":{"rendered":"\t\t<div data-elementor-type=\"wp-page\" data-elementor-id=\"355\" class=\"elementor elementor-355\">\n\t\t\t\t\t\t<section class=\"penci-section penci-disSticky penci-structure-10 elementor-section elementor-top-section elementor-element elementor-element-971e127 elementor-section-boxed elementor-section-height-default elementor-section-height-default\" data-id=\"971e127\" data-element_type=\"section\" data-e-type=\"section\">\n\t\t\t\t\t\t<div class=\"elementor-container elementor-column-gap-default\">\n\t\t\t\t\t<div class=\"penci-ercol-100 penci-ercol-order-1 penci-sticky-ct  elementor-column elementor-col-100 elementor-top-column elementor-element elementor-element-9a543ae\" data-id=\"9a543ae\" data-element_type=\"column\" data-e-type=\"column\">\n\t\t\t<div class=\"elementor-widget-wrap elementor-element-populated\">\n\t\t\t\t\t\t<div class=\"elementor-element elementor-element-b7bd397 elementor-widget elementor-widget-text-editor\" data-id=\"b7bd397\" data-element_type=\"widget\" data-e-type=\"widget\" data-widget_type=\"text-editor.default\">\n\t\t\t\t<div class=\"elementor-widget-container\">\n\t\t\t\t\t\t\t\t\t<p><strong>5.1 \u00c5RSKLASSE 13 \u00c5R<\/strong><\/p>\t\t\t\t\t\t\t\t<\/div>\n\t\t\t\t<\/div>\n\t\t\t\t\t<\/div>\n\t\t<\/div>\n\t\t\t\t\t<\/div>\n\t\t<\/section>\n\t\t\t\t<section class=\"penci-section penci-disSticky penci-structure-10 elementor-section elementor-top-section elementor-element elementor-element-db9133e elementor-section-boxed elementor-section-height-default elementor-section-height-default\" data-id=\"db9133e\" data-element_type=\"section\" data-e-type=\"section\">\n\t\t\t\t\t\t<div class=\"elementor-container elementor-column-gap-default\">\n\t\t\t\t\t<div class=\"penci-ercol-100 penci-ercol-order-1 penci-sticky-ct  elementor-column elementor-col-100 elementor-top-column elementor-element elementor-element-d431457\" data-id=\"d431457\" data-element_type=\"column\" data-e-type=\"column\">\n\t\t\t<div class=\"elementor-widget-wrap elementor-element-populated\">\n\t\t\t\t\t\t<div class=\"elementor-element elementor-element-6ca958c elementor-widget elementor-widget-text-editor\" data-id=\"6ca958c\" data-element_type=\"widget\" data-e-type=\"widget\" data-widget_type=\"text-editor.default\">\n\t\t\t\t<div class=\"elementor-widget-container\">\n\t\t\t\t\t\t\t\t\t<p><strong>Kamp:<\/strong><\/p><p>13 \u00e5r: 9er fotball. 8 utespillere + keeper.<\/p><p><strong>Laginndeling:<\/strong><\/p><p>Lagene kan settes sammen etter interesse og ferdigheter. I MIL fotball har vi ofte i stedet landet p\u00e5 modeller med flere lag per kull der spillere rullerer mellom ulike lag innenfor samme \u00e5rsklasse (innenfor gitte regelverk). P\u00e5 den m\u00e5ten mener vi at vi ivaretar v\u00e5r m\u00e5lsetting om \u00e5 beholde flest mulig \u2013 lengst mulig i denne \u00e5rsklassen.<\/p><p>Ved flere lag i denne \u00e5rsklassen skal lagssammensetningen diskuteres og avgj\u00f8res i m\u00f8ter mellom sportslig ledelse og lagets st\u00f8tteapparat.<\/p><p><strong>Antall spillere pr. lag:<\/strong><\/p><p>Vi \u00f8nsker 11-14 spillere per lag i 9er fotball som sikrer masse spilletid for alle.<\/p><p><strong>Lagp\u00e5melding:<\/strong><\/p><p>Klubben melder p\u00e5 lag til seriespill i NFF Nordland. Dette skal gj\u00f8res innen 15. februar hvert \u00e5r. Ansvarlig i klubb kontakter trener i forkant for \u00e5 avtale antall lag. Laget melder seg p\u00e5 antall lag i turneringer man deltar p\u00e5.<\/p><p><strong>Spilletid:<\/strong><\/p><p>Alle som er uttatt til kamptroppen skal ha mye spilletid (minimum en omgang), men spilletid kan variere fra spiller til spiller.<\/p><p>Antall kamper og hvilke kamper hver spiller er tatt ut p\u00e5 kan ogs\u00e5 variere ut ifra interesse, treningsoppm\u00f8te og holdninger.<\/p><p>En spiller b\u00f8r ikke ha mer enn to kamparenaer, uavhengig om spilleren sitter p\u00e5 benken for det ene laget.<\/p><p>Tommelfingerregel: En spiller b\u00f8r ikke ha mer enn 1,5 \u2013 2 kamper pr uke.<\/p><p><strong>Trening:<\/strong><\/p><p>Antall treninger per uke: 2-3 stk. lagtrening per uke. Kan varier litt fra lag til lag og i l\u00f8pet av \u00e5ret.<\/p><p>Trenings\u00f8ktene skal planlegges slik at innholdet er tilrettelagt spillernes alder, utviklingstrekk og modning. Se egne trenerguider eller trenings\u00f8kta.no for tips for oppbygging av \u00f8kta og \u00f8velsesutvalg for disse aldersgruppene.<\/p><p><strong>Turnering:<\/strong><\/p><p>Utover egen turnering, Kippermocupen, dekker MIL fotball p\u00e5meldingsavgift til tre andre turneringer i l\u00f8pet av \u00e5ret for alle v\u00e5re lag. Klubben oppfordrer spesielt v\u00e5re lag til \u00e5 delta p\u00e5 de lokale turneringene i v\u00e5r kommune.<\/p><p>I MIL fotball er det ogs\u00e5 muligheter for \u00e5 s\u00f8ke om tilskudd fra klubb om deltagelse p\u00e5 turneringer som ikke omfatter Helgeland.<\/p><p><strong>Geografisk omr\u00e5de<\/strong><\/p><p>a. Nord-Norge og Nord-Sverige<br \/>b. Deltakelse i alle andre turneringer skal p\u00e5 forh\u00e5nd s\u00f8kes til Daglig leder<br \/>c. For sammensatte lag med Mil-spillere\/trenere gjelder samme regel<\/p><p><strong>Ekstratilbud:<\/strong><\/p><ul><li>\u00c5pen hall l\u00f8rdag og s\u00f8ndag<\/li><li>Sammen om utvikling<\/li><li>I tillegg vil noen spillere f\u00e5 tilbud om spillerutviklingstiltak i regi av krets og hospiteringsmuligheter med Bod\u00f8 Glimt.<\/li><\/ul>\t\t\t\t\t\t\t\t<\/div>\n\t\t\t\t<\/div>\n\t\t\t\t\t<\/div>\n\t\t<\/div>\n\t\t\t\t\t<\/div>\n\t\t<\/section>\n\t\t\t\t<\/div>\n\t\t","protected":false},"excerpt":{"rendered":"<p>5.1 \u00c5RSKLASSE 13 \u00c5R Kamp: 13 \u00e5r: 9er fotball. 8 utespillere + keeper. Laginndeling: Lagene kan settes sammen etter interesse og ferdigheter. I MIL fotball har vi ofte i stedet&hellip;<\/p>\n","protected":false},"author":1,"featured_media":0,"parent":0,"menu_order":0,"comment_status":"closed","ping_status":"closed","template":"","meta":{"footnotes":""},"class_list":["post-355","page","type-page","status-publish","hentry"],"_links":{"self":[{"href":"https:\/\/www.mil-fotball.no\/sportsplan\/wp-json\/wp\/v2\/pages\/355","targetHints":{"allow":["GET"]}}],"collection":[{"href":"https:\/\/www.mil-fotball.no\/sportsplan\/wp-json\/wp\/v2\/pages"}],"about":[{"href":"https:\/\/www.mil-fotball.no\/sportsplan\/wp-json\/wp\/v2\/types\/page"}],"author":[{"embeddable":true,"href":"https:\/\/www.mil-fotball.no\/sportsplan\/wp-json\/wp\/v2\/users\/1"}],"replies":[{"embeddable":true,"href":"https:\/\/www.mil-fotball.no\/sportsplan\/wp-json\/wp\/v2\/comments?post=355"}],"version-history":[{"count":7,"href":"https:\/\/www.mil-fotball.no\/sportsplan\/wp-json\/wp\/v2\/pages\/355\/revisions"}],"predecessor-version":[{"id":390,"href":"https:\/\/www.mil-fotball.no\/sportsplan\/wp-json\/wp\/v2\/pages\/355\/revisions\/390"}],"wp:attachment":[{"href":"https:\/\/www.mil-fotball.no\/sportsplan\/wp-json\/wp\/v2\/media?parent=355"}],"curies":[{"name":"wp","href":"https:\/\/api.w.org\/{rel}","templated":true}]}}