{"id":359,"date":"2021-06-17T11:01:43","date_gmt":"2021-06-17T11:01:43","guid":{"rendered":"https:\/\/www.mil-fotball.no\/sportsplan\/?page_id=359"},"modified":"2021-06-17T12:00:46","modified_gmt":"2021-06-17T12:00:46","slug":"juniorfotball-17-19-ar","status":"publish","type":"page","link":"https:\/\/www.mil-fotball.no\/sportsplan\/juniorfotball-17-19-ar\/","title":{"rendered":"Juniorfotball 17-19 \u00e5r"},"content":{"rendered":"\t\t<div data-elementor-type=\"wp-page\" data-elementor-id=\"359\" class=\"elementor elementor-359\">\n\t\t\t\t\t\t<section class=\"penci-section penci-disSticky penci-structure-10 elementor-section elementor-top-section elementor-element elementor-element-beb725c elementor-section-boxed elementor-section-height-default elementor-section-height-default\" data-id=\"beb725c\" data-element_type=\"section\" data-e-type=\"section\">\n\t\t\t\t\t\t<div class=\"elementor-container elementor-column-gap-default\">\n\t\t\t\t\t<div class=\"penci-ercol-100 penci-ercol-order-1 penci-sticky-ct  elementor-column elementor-col-100 elementor-top-column elementor-element elementor-element-510b58e\" data-id=\"510b58e\" data-element_type=\"column\" data-e-type=\"column\">\n\t\t\t<div class=\"elementor-widget-wrap elementor-element-populated\">\n\t\t\t\t\t\t<div class=\"elementor-element elementor-element-de77986 elementor-widget elementor-widget-text-editor\" data-id=\"de77986\" data-element_type=\"widget\" data-e-type=\"widget\" data-widget_type=\"text-editor.default\">\n\t\t\t\t<div class=\"elementor-widget-container\">\n\t\t\t\t\t\t\t\t\t<p><strong>5.3 JUNIORFOTBALL 17-19 \u00c5R<\/strong><\/p>\t\t\t\t\t\t\t\t<\/div>\n\t\t\t\t<\/div>\n\t\t\t\t<div class=\"elementor-element elementor-element-b9fe62a elementor-widget elementor-widget-text-editor\" data-id=\"b9fe62a\" data-element_type=\"widget\" data-e-type=\"widget\" data-widget_type=\"text-editor.default\">\n\t\t\t\t<div class=\"elementor-widget-container\">\n\t\t\t\t\t\t\t\t\t<p><strong>Kamp:<\/strong><\/p><p>17-19 \u00e5r: 11er fotball. 10 utespillere + keeper.<\/p><p><strong>Laginndeling:<\/strong><\/p><p>Lagene i disse \u00e5rsklassene settes sammen etter interesse, treningsiver og ferdigheter. Spillerne blir plassert i tropper\/grupper ved \u00e5rets begynnelse, men det er alltid hospitering mellom gruppene. Og endringer i tropper\/grupper evalueres ogs\u00e5 gjennom \u00e5ret, basert p\u00e5 spillernes interesse, utvikling og ferdigheter.<\/p><p>Ved flere lag i samme \u00e5rsklasse skal lagsammensetningen diskuteres og avgj\u00f8res i m\u00f8ter mellom sportslig ledelse og lagets st\u00f8tteapparat.<\/p><p><strong>Antall spillere per lag:<\/strong><\/p><p>Vi \u00f8nsker 14-16 spillere per lag i 11er fotball som sikrer masse<br \/>spilletid for alle.<\/p><p><strong>Lagp\u00e5melding:<\/strong><\/p><p>Klubben melder p\u00e5 lag til seriespill i NFF Nordland. Dette skal gj\u00f8res innen 15 januar hvert \u00e5r. Ansvarlig i klubb kontakter trener i forkant for \u00e5 avtale antall lag. Laget melder selv p\u00e5 antall lag i turneringer man deltar p\u00e5.<\/p><p><strong>Spilletid:<\/strong><\/p><p>Alle som er uttatt til kamptroppen skal ha mye spilletid minimum 1\/3 av kampen, men spilletid kan variere fra spiller til spiller.<\/p><p>I enkeltkamper som anses som viktige kan st\u00f8tteapparatet gj\u00f8re unntak for dette, dersom trenerne for laget vurderer dette slik ut ifra sportslige hensyn. I slike tilfeller skal trenere kommunisere sin bakgrunn for valget ovenfor gitte spiller(e).<\/p><p>Antall kamper og hvilke kamper hver spiller er tatt ut p\u00e5 kan ogs\u00e5 variere ut ifra interesse, treningsoppm\u00f8te og holdninger.<\/p><p>En spiller b\u00f8r ikke ha mer enn to kamparenaer, uavhengig om spilleren sitter<br \/>p\u00e5 benken for det ene laget.<br \/>Tommelfingerregel: En spiller b\u00f8r ikke ha mer enn 1,5 \u2013 2 kamper pr uke.<\/p><p><strong>Trening:<\/strong><\/p><p>Antall treninger per uke: 2-3 stk. lagtrening per uke. Kan varier litt fra lag til lag og i l\u00f8pet av \u00e5ret.<\/p><p>Trenings\u00f8ktene skal planlegges slik at innholdet er tilrettelagt spillernes alder, utviklingstrekk og modning. Se egne trenerguider eller trenings\u00f8kta.no for tips for oppbygging av \u00f8kta og \u00f8velsesutvalg for disse aldersgruppene.<\/p><p><strong>Turnering:<\/strong><\/p><p>MIL fotball dekker p\u00e5meldingsavgift til tre turneringer i l\u00f8pet av \u00e5ret for alle v\u00e5re lag.<\/p><p>I MIL fotball er det ogs\u00e5 muligheter for \u00e5 s\u00f8ke om tilskudd fra klubb om deltagelse p\u00e5<br \/>turneringer som ikke omfatter Helgeland.<\/p><p><strong>Geografisk omr\u00e5de:<\/strong><\/p><p>a. Scandinavia<br \/>b. Deltakelse i alle andre turneringer skal p\u00e5 forh\u00e5nd s\u00f8kes til Daglig leder.<br \/>c. For sammensatte lag med Mil-spillere\/trenere gjelder samme regel<\/p>\t\t\t\t\t\t\t\t<\/div>\n\t\t\t\t<\/div>\n\t\t\t\t\t<\/div>\n\t\t<\/div>\n\t\t\t\t\t<\/div>\n\t\t<\/section>\n\t\t\t\t<\/div>\n\t\t","protected":false},"excerpt":{"rendered":"<p>5.3 JUNIORFOTBALL 17-19 \u00c5R Kamp: 17-19 \u00e5r: 11er fotball. 10 utespillere + keeper. Laginndeling: Lagene i disse \u00e5rsklassene settes sammen etter interesse, treningsiver og ferdigheter. Spillerne blir plassert i tropper\/grupper&hellip;<\/p>\n","protected":false},"author":1,"featured_media":0,"parent":0,"menu_order":0,"comment_status":"closed","ping_status":"closed","template":"","meta":{"footnotes":""},"class_list":["post-359","page","type-page","status-publish","hentry"],"_links":{"self":[{"href":"https:\/\/www.mil-fotball.no\/sportsplan\/wp-json\/wp\/v2\/pages\/359","targetHints":{"allow":["GET"]}}],"collection":[{"href":"https:\/\/www.mil-fotball.no\/sportsplan\/wp-json\/wp\/v2\/pages"}],"about":[{"href":"https:\/\/www.mil-fotball.no\/sportsplan\/wp-json\/wp\/v2\/types\/page"}],"author":[{"embeddable":true,"href":"https:\/\/www.mil-fotball.no\/sportsplan\/wp-json\/wp\/v2\/users\/1"}],"replies":[{"embeddable":true,"href":"https:\/\/www.mil-fotball.no\/sportsplan\/wp-json\/wp\/v2\/comments?post=359"}],"version-history":[{"count":7,"href":"https:\/\/www.mil-fotball.no\/sportsplan\/wp-json\/wp\/v2\/pages\/359\/revisions"}],"predecessor-version":[{"id":380,"href":"https:\/\/www.mil-fotball.no\/sportsplan\/wp-json\/wp\/v2\/pages\/359\/revisions\/380"}],"wp:attachment":[{"href":"https:\/\/www.mil-fotball.no\/sportsplan\/wp-json\/wp\/v2\/media?parent=359"}],"curies":[{"name":"wp","href":"https:\/\/api.w.org\/{rel}","templated":true}]}}